{"id":4769,"date":"2023-04-09T19:22:58","date_gmt":"2023-04-09T19:22:58","guid":{"rendered":"https:\/\/schmieder-palinkahaz.hu\/?post_type=product&#038;p=4769"},"modified":"2025-05-29T15:57:23","modified_gmt":"2025-05-29T15:57:23","slug":"malna-palinka","status":"publish","type":"product","link":"https:\/\/schmieder-palinkahaz.hu\/en\/product\/malna-palinka\/","title":{"rendered":"M\u00e1lna p\u00e1linka"},"content":{"rendered":"<p><span style=\"font-weight: 400;\">Pik\u00e1ns, beh\u00edzelg\u0151, aromatikus, parf\u00fcm\u00f6s.<\/span><\/p>\n<p><span style=\"font-weight: 400;\">Friss m\u00e1ln\u00e1ra eml\u00e9keztet\u0151 illat, citrusos, enyhe savanyk\u00e1s karakter hat\u00e1rozza meg, cukork\u00e1s, sz\u00f6rp\u00f6s \u00e9dess\u00e9ggel. \u00cdz\u00e9ben telt, erdei \u00e9s bogy\u00f3s gy\u00fcm\u00f6lcs\u00f6k harm\u00f3nikuss\u00e1ga jellemzi. Hossz\u00fa lecseng\u00e9s\u0171, kirobban\u00f3an illatos p\u00e1linka<\/span><\/p>","protected":false},"excerpt":{"rendered":"<p>Pik\u00e1ns, beh\u00edzelg\u0151, aromatikus, parf\u00fcm\u00f6s. Friss m\u00e1ln\u00e1ra eml\u00e9keztet\u0151 illat, citrusos, enyhe savanyk\u00e1s karakter hat\u00e1rozza meg, cukork\u00e1s, sz\u00f6rp\u00f6s \u00e9dess\u00e9ggel. \u00cdz\u00e9ben telt, erdei \u00e9s bogy\u00f3s gy\u00fcm\u00f6lcs\u00f6k harm\u00f3nikuss\u00e1ga jellemzi. Hossz\u00fa lecseng\u00e9s\u0171, kirobban\u00f3an illatos p\u00e1linka<\/p>","protected":false},"featured_media":5048,"comment_status":"open","ping_status":"closed","template":"","meta":{"site-sidebar-layout":"default","site-content-layout":"default","ast-site-content-layout":"default","site-content-style":"default","site-sidebar-style":"default","ast-global-header-display":"","ast-banner-title-visibility":"","ast-main-header-display":"","ast-hfb-above-header-display":"","ast-hfb-below-header-display":"","ast-hfb-mobile-header-display":"","site-post-title":"","ast-breadcrumbs-content":"","ast-featured-img":"","footer-sml-layout":"","theme-transparent-header-meta":"default","adv-header-id-meta":"","stick-header-meta":"","header-above-stick-meta":"","header-main-stick-meta":"","header-below-stick-meta":"","astra-migrate-meta-layouts":"set","ast-page-background-enabled":"default","ast-page-background-meta":{"desktop":{"background-color":"","background-image":"","background-repeat":"repeat","background-position":"center center","background-size":"auto","background-attachment":"scroll","background-type":"","background-media":"","overlay-type":"","overlay-color":"","overlay-opacity":"","overlay-gradient":""},"tablet":{"background-color":"","background-image":"","background-repeat":"repeat","background-position":"center center","background-size":"auto","background-attachment":"scroll","background-type":"","background-media":"","overlay-type":"","overlay-color":"","overlay-opacity":"","overlay-gradient":""},"mobile":{"background-color":"","background-image":"","background-repeat":"repeat","background-position":"center center","background-size":"auto","background-attachment":"scroll","background-type":"","background-media":"","overlay-type":"","overlay-color":"","overlay-opacity":"","overlay-gradient":""}},"ast-content-background-meta":{"desktop":{"background-color":"var(--ast-global-color-5)","background-image":"","background-repeat":"repeat","background-position":"center center","background-size":"auto","background-attachment":"scroll","background-type":"","background-media":"","overlay-type":"","overlay-color":"","overlay-opacity":"","overlay-gradient":""},"tablet":{"background-color":"var(--ast-global-color-5)","background-image":"","background-repeat":"repeat","background-position":"center center","background-size":"auto","background-attachment":"scroll","background-type":"","background-media":"","overlay-type":"","overlay-color":"","overlay-opacity":"","overlay-gradient":""},"mobile":{"background-color":"var(--ast-global-color-5)","background-image":"","background-repeat":"repeat","background-position":"center center","background-size":"auto","background-attachment":"scroll","background-type":"","background-media":"","overlay-type":"","overlay-color":"","overlay-opacity":"","overlay-gradient":""}}},"product_brand":[],"product_cat":[39],"product_tag":[],"class_list":{"0":"post-4769","1":"product","2":"type-product","3":"status-publish","4":"has-post-thumbnail","6":"product_cat-kisusti-palinkak","7":"desktop-align-center","8":"tablet-align-left","9":"mobile-align-left","11":"first","12":"outofstock","13":"taxable","14":"shipping-taxable","15":"purchasable","16":"product-type-variable","17":"has-default-attributes"},"_links":{"self":[{"href":"https:\/\/schmieder-palinkahaz.hu\/en\/wp-json\/wp\/v2\/product\/4769","targetHints":{"allow":["GET"]}}],"collection":[{"href":"https:\/\/schmieder-palinkahaz.hu\/en\/wp-json\/wp\/v2\/product"}],"about":[{"href":"https:\/\/schmieder-palinkahaz.hu\/en\/wp-json\/wp\/v2\/types\/product"}],"replies":[{"embeddable":true,"href":"https:\/\/schmieder-palinkahaz.hu\/en\/wp-json\/wp\/v2\/comments?post=4769"}],"version-history":[{"count":3,"href":"https:\/\/schmieder-palinkahaz.hu\/en\/wp-json\/wp\/v2\/product\/4769\/revisions"}],"predecessor-version":[{"id":5050,"href":"https:\/\/schmieder-palinkahaz.hu\/en\/wp-json\/wp\/v2\/product\/4769\/revisions\/5050"}],"wp:featuredmedia":[{"embeddable":true,"href":"https:\/\/schmieder-palinkahaz.hu\/en\/wp-json\/wp\/v2\/media\/5048"}],"wp:attachment":[{"href":"https:\/\/schmieder-palinkahaz.hu\/en\/wp-json\/wp\/v2\/media?parent=4769"}],"wp:term":[{"taxonomy":"product_brand","embeddable":true,"href":"https:\/\/schmieder-palinkahaz.hu\/en\/wp-json\/wp\/v2\/product_brand?post=4769"},{"taxonomy":"product_cat","embeddable":true,"href":"https:\/\/schmieder-palinkahaz.hu\/en\/wp-json\/wp\/v2\/product_cat?post=4769"},{"taxonomy":"product_tag","embeddable":true,"href":"https:\/\/schmieder-palinkahaz.hu\/en\/wp-json\/wp\/v2\/product_tag?post=4769"}],"curies":[{"name":"wp","href":"https:\/\/api.w.org\/{rel}","templated":true}]}}